{"id":22,"date":"2020-06-16T06:55:49","date_gmt":"2020-06-16T06:55:49","guid":{"rendered":"https:\/\/zakra-agency.sites.qsandbox.com\/?page_id=22"},"modified":"2022-05-23T10:31:59","modified_gmt":"2022-05-23T10:31:59","slug":"about","status":"publish","type":"page","link":"http:\/\/advocacy.natura2000.ro\/index.php\/about\/","title":{"rendered":"Proiect \/ About"},"content":{"rendered":"\t\t<div data-elementor-type=\"wp-page\" data-elementor-id=\"22\" class=\"elementor elementor-22\" data-elementor-settings=\"[]\">\n\t\t\t\t\t\t\t<div class=\"elementor-section-wrap\">\n\t\t\t\t\t\t\t<section class=\"elementor-section elementor-top-section elementor-element elementor-element-02b84f3 elementor-section-boxed elementor-section-height-default elementor-section-height-default\" data-id=\"02b84f3\" data-element_type=\"section\">\n\t\t\t\t\t\t<div class=\"elementor-container elementor-column-gap-default\">\n\t\t\t\t\t<div class=\"elementor-column elementor-col-100 elementor-top-column elementor-element elementor-element-e8fff25\" data-id=\"e8fff25\" data-element_type=\"column\">\n\t\t\t<div class=\"elementor-widget-wrap elementor-element-populated\">\n\t\t\t\t\t\t\t\t<div class=\"elementor-element elementor-element-4a56aff elementor-widget elementor-widget-image\" data-id=\"4a56aff\" data-element_type=\"widget\" data-widget_type=\"image.default\">\n\t\t\t\t<div class=\"elementor-widget-container\">\n\t\t\t\t\t\t\t\t\t\t\t\t\t\t\t<img loading=\"lazy\" decoding=\"async\" width=\"812\" height=\"444\" src=\"http:\/\/advocacy.natura2000.ro\/wp-content\/uploads\/2021\/09\/Banner-FB-1024x560.jpg\" class=\"attachment-large size-large\" alt=\"\" srcset=\"http:\/\/advocacy.natura2000.ro\/wp-content\/uploads\/2021\/09\/Banner-FB-1024x560.jpg 1024w, http:\/\/advocacy.natura2000.ro\/wp-content\/uploads\/2021\/09\/Banner-FB-300x164.jpg 300w, http:\/\/advocacy.natura2000.ro\/wp-content\/uploads\/2021\/09\/Banner-FB-768x420.jpg 768w, http:\/\/advocacy.natura2000.ro\/wp-content\/uploads\/2021\/09\/Banner-FB-600x328.jpg 600w, http:\/\/advocacy.natura2000.ro\/wp-content\/uploads\/2021\/09\/Banner-FB.jpg 1258w\" sizes=\"auto, (max-width: 812px) 100vw, 812px\" \/>\t\t\t\t\t\t\t\t\t\t\t\t\t\t\t<\/div>\n\t\t\t\t<\/div>\n\t\t\t\t\t<\/div>\n\t\t<\/div>\n\t\t\t\t\t\t\t<\/div>\n\t\t<\/section>\n\t\t\t\t<section class=\"elementor-section elementor-top-section elementor-element elementor-element-c664bfd elementor-section-boxed elementor-section-height-default elementor-section-height-default\" data-id=\"c664bfd\" data-element_type=\"section\">\n\t\t\t\t\t\t<div class=\"elementor-container elementor-column-gap-default\">\n\t\t\t\t\t<div class=\"elementor-column elementor-col-100 elementor-top-column elementor-element elementor-element-cba7402\" data-id=\"cba7402\" data-element_type=\"column\">\n\t\t\t<div class=\"elementor-widget-wrap elementor-element-populated\">\n\t\t\t\t\t\t\t\t<section class=\"elementor-section elementor-inner-section elementor-element elementor-element-a16f995 elementor-section-boxed elementor-section-height-default elementor-section-height-default\" data-id=\"a16f995\" data-element_type=\"section\">\n\t\t\t\t\t\t<div class=\"elementor-container elementor-column-gap-default\">\n\t\t\t\t\t<div class=\"elementor-column elementor-col-50 elementor-inner-column elementor-element elementor-element-b126ffb\" data-id=\"b126ffb\" data-element_type=\"column\">\n\t\t\t<div class=\"elementor-widget-wrap elementor-element-populated\">\n\t\t\t\t\t\t\t\t<div class=\"elementor-element elementor-element-c7b4a79 elementor-pagination-position-outside elementor-widget elementor-widget-image-carousel\" data-id=\"c7b4a79\" data-element_type=\"widget\" data-settings=\"{&quot;navigation&quot;:&quot;dots&quot;,&quot;slides_to_show&quot;:&quot;1&quot;,&quot;slides_to_show_tablet&quot;:&quot;1&quot;,&quot;autoplay&quot;:&quot;yes&quot;,&quot;pause_on_hover&quot;:&quot;yes&quot;,&quot;pause_on_interaction&quot;:&quot;yes&quot;,&quot;autoplay_speed&quot;:5000,&quot;infinite&quot;:&quot;yes&quot;,&quot;effect&quot;:&quot;slide&quot;,&quot;speed&quot;:500}\" data-widget_type=\"image-carousel.default\">\n\t\t\t\t<div class=\"elementor-widget-container\">\n\t\t\t\t\t<div class=\"elementor-image-carousel-wrapper swiper-container\" dir=\"ltr\">\n\t\t\t<div class=\"elementor-image-carousel swiper-wrapper\">\n\t\t\t\t\t\t\t\t<div class=\"swiper-slide\"><figure class=\"swiper-slide-inner\"><img decoding=\"async\" class=\"swiper-slide-image\" src=\"http:\/\/advocacy.natura2000.ro\/wp-content\/uploads\/2021\/09\/1514373725-huge.jpg\" alt=\"1514373725-huge\" \/><\/figure><\/div><div class=\"swiper-slide\"><figure class=\"swiper-slide-inner\"><img decoding=\"async\" class=\"swiper-slide-image\" src=\"http:\/\/advocacy.natura2000.ro\/wp-content\/uploads\/2021\/09\/shutterstock_618292847.jpg\" alt=\"shutterstock_618292847\" \/><\/figure><\/div><div class=\"swiper-slide\"><figure class=\"swiper-slide-inner\"><img decoding=\"async\" class=\"swiper-slide-image\" src=\"http:\/\/advocacy.natura2000.ro\/wp-content\/uploads\/2021\/09\/shutterstock_776928223.jpg\" alt=\"shutterstock_776928223\" \/><\/figure><\/div><div class=\"swiper-slide\"><figure class=\"swiper-slide-inner\"><img decoding=\"async\" class=\"swiper-slide-image\" src=\"http:\/\/advocacy.natura2000.ro\/wp-content\/uploads\/2021\/09\/shutterstock_1980516779.jpg\" alt=\"shutterstock_1980516779\" \/><\/figure><\/div>\t\t\t<\/div>\n\t\t\t\t\t\t\t\t\t\t\t\t<div class=\"swiper-pagination\"><\/div>\n\t\t\t\t\t\t\t\t\t\t\t\t\t<\/div>\n\t\t\t\t<\/div>\n\t\t\t\t<\/div>\n\t\t\t\t\t<\/div>\n\t\t<\/div>\n\t\t\t\t<div class=\"elementor-column elementor-col-50 elementor-inner-column elementor-element elementor-element-01d724e\" data-id=\"01d724e\" data-element_type=\"column\">\n\t\t\t<div class=\"elementor-widget-wrap elementor-element-populated\">\n\t\t\t\t\t\t\t\t<div class=\"elementor-element elementor-element-765a321 elementor-widget elementor-widget-text-editor\" data-id=\"765a321\" data-element_type=\"widget\" data-widget_type=\"text-editor.default\">\n\t\t\t\t<div class=\"elementor-widget-container\">\n\t\t\t\t\t\t\t<h5 contenteditable=\"true\" data-elementor-setting-key=\"title\" data-pen-placeholder=\"Type Here...\">Despre proiect \/ Project description<\/h5><p>English below \/\/ Sistemul de guvernanta si management al ariilor protejate din Romania a fost schimbat recent prin vointa unilaterala a autoritatii centrale de mediu intr-un sistem care tinde sa devina centralizat si care reduce semnificativ posibilitea de implicare a societatii civile. OUG 75\/2018 privind modificarea unor acte normative din domeniul protectiei mediului, in urma careia 530 de arii protejate au ramas fara custozi a fost obiectul mai multor tentative de anulare \/ modificare pentru revenirea la situatia anterioara, initiativele venind din partea Coalitiei Natura 2000 si a unor partidelor politice, nefiind solutionate, in detrimental naturii.<\/p>\t\t\t\t\t\t<\/div>\n\t\t\t\t<\/div>\n\t\t\t\t\t<\/div>\n\t\t<\/div>\n\t\t\t\t\t\t\t<\/div>\n\t\t<\/section>\n\t\t\t\t<section class=\"elementor-section elementor-inner-section elementor-element elementor-element-2bd198d elementor-section-boxed elementor-section-height-default elementor-section-height-default\" data-id=\"2bd198d\" data-element_type=\"section\">\n\t\t\t\t\t\t<div class=\"elementor-container elementor-column-gap-default\">\n\t\t\t\t\t<div class=\"elementor-column elementor-col-100 elementor-inner-column elementor-element elementor-element-16750f1\" data-id=\"16750f1\" data-element_type=\"column\">\n\t\t\t<div class=\"elementor-widget-wrap elementor-element-populated\">\n\t\t\t\t\t\t\t\t<div class=\"elementor-element elementor-element-2a366ca elementor-widget elementor-widget-text-editor\" data-id=\"2a366ca\" data-element_type=\"widget\" data-widget_type=\"text-editor.default\">\n\t\t\t\t<div class=\"elementor-widget-container\">\n\t\t\t\t\t\t\t<p>Prin actiunile de advocacy si watchdog propuse vom contribui la reconfigurarea sistemului de guvernanta si management al ariilor protejate. In<br \/>campania de advcocacy vor fi propuse 3 modificari legislative pentru un sistem eficient, eficace si participativ de guvernanta si management si vor fi<br \/>sustinute intelegerea si mobilizarea publica si a societatii civile in acest domeniu. Beneficiarii proiectului: membri retelei Coalitia Natura 2000, alti reprezentanti ai socitatii civile, factori interesati institutionali care vor fi implicati in conceperea modelului de guvernanta.<\/p>\t\t\t\t\t\t<\/div>\n\t\t\t\t<\/div>\n\t\t\t\t\t<\/div>\n\t\t<\/div>\n\t\t\t\t\t\t\t<\/div>\n\t\t<\/section>\n\t\t\t\t\t<\/div>\n\t\t<\/div>\n\t\t\t\t\t\t\t<\/div>\n\t\t<\/section>\n\t\t\t\t<section class=\"elementor-section elementor-top-section elementor-element elementor-element-c9321f6 elementor-section-boxed elementor-section-height-default elementor-section-height-default\" data-id=\"c9321f6\" data-element_type=\"section\">\n\t\t\t\t\t\t<div class=\"elementor-container elementor-column-gap-no\">\n\t\t\t\t\t<div class=\"elementor-column elementor-col-100 elementor-top-column elementor-element elementor-element-b6f6f65\" data-id=\"b6f6f65\" data-element_type=\"column\">\n\t\t\t<div class=\"elementor-widget-wrap elementor-element-populated\">\n\t\t\t\t\t\t\t\t<div class=\"elementor-element elementor-element-baaf838 elementor-widget elementor-widget-heading\" data-id=\"baaf838\" data-element_type=\"widget\" data-widget_type=\"heading.default\">\n\t\t\t\t<div class=\"elementor-widget-container\">\n\t\t\t<h3 class=\"elementor-heading-title elementor-size-default\">Obiectiv principal<\/h3>\t\t<\/div>\n\t\t\t\t<\/div>\n\t\t\t\t<section class=\"elementor-section elementor-inner-section elementor-element elementor-element-a6e23d5 elementor-section-boxed elementor-section-height-default elementor-section-height-default\" data-id=\"a6e23d5\" data-element_type=\"section\">\n\t\t\t\t\t\t<div class=\"elementor-container elementor-column-gap-default\">\n\t\t\t\t\t<div class=\"elementor-column elementor-col-33 elementor-inner-column elementor-element elementor-element-447398b elementor-hidden-phone\" data-id=\"447398b\" data-element_type=\"column\">\n\t\t\t<div class=\"elementor-widget-wrap\">\n\t\t\t\t\t\t\t\t\t<\/div>\n\t\t<\/div>\n\t\t\t\t<div class=\"elementor-column elementor-col-33 elementor-inner-column elementor-element elementor-element-dd51ee7\" data-id=\"dd51ee7\" data-element_type=\"column\">\n\t\t\t<div class=\"elementor-widget-wrap elementor-element-populated\">\n\t\t\t\t\t\t\t\t<div class=\"elementor-element elementor-element-2d4d8f6 elementor-widget elementor-widget-text-editor\" data-id=\"2d4d8f6\" data-element_type=\"widget\" data-widget_type=\"text-editor.default\">\n\t\t\t\t<div class=\"elementor-widget-container\">\n\t\t\t\t\t\t\t<p><b>Facilitarea modificarii participative a legislatiei privind ariile protejate in vederea imbunatatirii politicilor publice si a sistemului de guvernanta al acestora si stimularea implicarii civice in domeniul protectiei mediului, prin activitati de watchdog si prin derularea unei campanii de advocacy<\/b><\/p>\t\t\t\t\t\t<\/div>\n\t\t\t\t<\/div>\n\t\t\t\t\t<\/div>\n\t\t<\/div>\n\t\t\t\t<div class=\"elementor-column elementor-col-33 elementor-inner-column elementor-element elementor-element-2e8423b elementor-hidden-phone\" data-id=\"2e8423b\" data-element_type=\"column\">\n\t\t\t<div class=\"elementor-widget-wrap\">\n\t\t\t\t\t\t\t\t\t<\/div>\n\t\t<\/div>\n\t\t\t\t\t\t\t<\/div>\n\t\t<\/section>\n\t\t\t\t<section class=\"elementor-section elementor-inner-section elementor-element elementor-element-503f8de elementor-section-boxed elementor-section-height-default elementor-section-height-default\" data-id=\"503f8de\" data-element_type=\"section\">\n\t\t\t\t\t\t<div class=\"elementor-container elementor-column-gap-default\">\n\t\t\t\t\t<div class=\"elementor-column elementor-col-50 elementor-inner-column elementor-element elementor-element-ed16945\" data-id=\"ed16945\" data-element_type=\"column\">\n\t\t\t<div class=\"elementor-widget-wrap elementor-element-populated\">\n\t\t\t\t\t\t\t\t<div class=\"elementor-element elementor-element-64dc567 elementor-position-top elementor-vertical-align-top elementor-widget elementor-widget-image-box\" data-id=\"64dc567\" data-element_type=\"widget\" data-widget_type=\"image-box.default\">\n\t\t\t\t<div class=\"elementor-widget-container\">\n\t\t\t<div class=\"elementor-image-box-wrapper\"><div class=\"elementor-image-box-content\"><h4 class=\"elementor-image-box-title\">Obiectivul de dezvoltare organiza\u021bional\u0103 al proiectului<\/h4><p class=\"elementor-image-box-description\">Consolidarea capacitatii a cel pu\u021bin 20 organizatii neguvernamentale de mediu de a se implica pe termen lung in protectia naturii prin dezvoltarea<br>capacitatii organizationale a Coalitiei Natura 2000 si a membrilor si prin eficientizarea modului de organizare a activitatii retelei.<\/p><\/div><\/div>\t\t<\/div>\n\t\t\t\t<\/div>\n\t\t\t\t\t<\/div>\n\t\t<\/div>\n\t\t\t\t<div class=\"elementor-column elementor-col-50 elementor-inner-column elementor-element elementor-element-dc3980c\" data-id=\"dc3980c\" data-element_type=\"column\">\n\t\t\t<div class=\"elementor-widget-wrap elementor-element-populated\">\n\t\t\t\t\t\t\t\t<div class=\"elementor-element elementor-element-fb6d95e elementor-position-top elementor-vertical-align-top elementor-widget elementor-widget-image-box\" data-id=\"fb6d95e\" data-element_type=\"widget\" data-widget_type=\"image-box.default\">\n\t\t\t\t<div class=\"elementor-widget-container\">\n\t\t\t<div class=\"elementor-image-box-wrapper\"><div class=\"elementor-image-box-content\"><h4 class=\"elementor-image-box-title\">Beneficiarii proiectului<\/h4><p class=\"elementor-image-box-description\">Cele 20 de ONG-uri membre ale Coalitiei care isi vor consolida capacitatea organizationala prin participarea la instruiri si prin implicarea directa in<br>campania de advocacy. Instrumentele de management organizational dezvoltate in cadrul proiectului vor fi discutate si diseminate in cadrul retelei, contribuind la consolidarea capacitatii si eficientizarea functionarii acesteia.<\/p><\/div><\/div>\t\t<\/div>\n\t\t\t\t<\/div>\n\t\t\t\t\t<\/div>\n\t\t<\/div>\n\t\t\t\t\t\t\t<\/div>\n\t\t<\/section>\n\t\t\t\t<section class=\"elementor-section elementor-inner-section elementor-element elementor-element-e4e1e18 elementor-section-boxed elementor-section-height-default elementor-section-height-default\" data-id=\"e4e1e18\" data-element_type=\"section\">\n\t\t\t\t\t\t<div class=\"elementor-container elementor-column-gap-default\">\n\t\t\t\t\t<div class=\"elementor-column elementor-col-50 elementor-inner-column elementor-element elementor-element-63479e0\" data-id=\"63479e0\" data-element_type=\"column\">\n\t\t\t<div class=\"elementor-widget-wrap elementor-element-populated\">\n\t\t\t\t\t\t\t\t<div class=\"elementor-element elementor-element-748503e elementor-position-top elementor-vertical-align-top elementor-widget elementor-widget-image-box\" data-id=\"748503e\" data-element_type=\"widget\" data-widget_type=\"image-box.default\">\n\t\t\t\t<div class=\"elementor-widget-container\">\n\t\t\t<div class=\"elementor-image-box-wrapper\"><div class=\"elementor-image-box-content\"><h4 class=\"elementor-image-box-title\">Beneficiari intermediari<\/h4><p class=\"elementor-image-box-description\">- autoritatile cu atributii legale la nivel national privind managementul ariilor protejate care vor fi abordate in campania de advocacy, precum Agentia Nationala pentru Arii Naturale Protejate, Ministerul Mediului, Apelor si Padurilor, Regia Nationala a Padurilor.<br>- minim alti 3 reprezentanti ai mass media si societatii civile care vor fi implicati in derularea campaniei de advocacy<br>- minim 10000 de persoane din randul publicului larg care vor avea acces la informatiile diseminate si se vor mobiliza in cadrul campaniei de<br>advocacy.<\/p><\/div><\/div>\t\t<\/div>\n\t\t\t\t<\/div>\n\t\t\t\t\t<\/div>\n\t\t<\/div>\n\t\t\t\t<div class=\"elementor-column elementor-col-50 elementor-inner-column elementor-element elementor-element-d731678\" data-id=\"d731678\" data-element_type=\"column\">\n\t\t\t<div class=\"elementor-widget-wrap elementor-element-populated\">\n\t\t\t\t\t\t\t\t<div class=\"elementor-element elementor-element-0fa9355 elementor-position-top elementor-vertical-align-top elementor-widget elementor-widget-image-box\" data-id=\"0fa9355\" data-element_type=\"widget\" data-widget_type=\"image-box.default\">\n\t\t\t\t<div class=\"elementor-widget-container\">\n\t\t\t<div class=\"elementor-image-box-wrapper\"><div class=\"elementor-image-box-content\"><h4 class=\"elementor-image-box-title\">Scopul proiectului<\/h4><p class=\"elementor-image-box-description\">Sustinerea eficientizarii sistemului de guvernanta si management al ariilor protejate din Romania prin actiuni de advocacy si watchdog menite sa<br>imbunatateasca cadrul legal si al politicilor publice, prin cresterea capacitatii, sustenabilitatii si gradului de implicare a societatii civile si prin stimularea cetateniei active in acest domeniu<\/p><\/div><\/div>\t\t<\/div>\n\t\t\t\t<\/div>\n\t\t\t\t\t<\/div>\n\t\t<\/div>\n\t\t\t\t\t\t\t<\/div>\n\t\t<\/section>\n\t\t\t\t\t<\/div>\n\t\t<\/div>\n\t\t\t\t\t\t\t<\/div>\n\t\t<\/section>\n\t\t\t\t<section class=\"elementor-section elementor-top-section elementor-element elementor-element-cc729b6 elementor-section-boxed elementor-section-height-default elementor-section-height-default\" data-id=\"cc729b6\" data-element_type=\"section\" data-settings=\"{&quot;background_background&quot;:&quot;gradient&quot;}\">\n\t\t\t\t\t\t<div class=\"elementor-container elementor-column-gap-no\">\n\t\t\t\t\t<div class=\"elementor-column elementor-col-50 elementor-top-column elementor-element elementor-element-138209b\" data-id=\"138209b\" data-element_type=\"column\">\n\t\t\t<div class=\"elementor-widget-wrap elementor-element-populated\">\n\t\t\t\t\t\t\t\t<div class=\"elementor-element elementor-element-0d1b5fa elementor-widget elementor-widget-heading\" data-id=\"0d1b5fa\" data-element_type=\"widget\" data-widget_type=\"heading.default\">\n\t\t\t\t<div class=\"elementor-widget-container\">\n\t\t\t<h3 class=\"elementor-heading-title elementor-size-default\">\u00centreb\u0103ri sau propuneri?<\/h3>\t\t<\/div>\n\t\t\t\t<\/div>\n\t\t\t\t<div class=\"elementor-element elementor-element-97e8b11 elementor-widget elementor-widget-text-editor\" data-id=\"97e8b11\" data-element_type=\"widget\" data-widget_type=\"text-editor.default\">\n\t\t\t\t<div class=\"elementor-widget-container\">\n\t\t\t\t\t\t\t<p>Ne pute\u021bi contacta pentru orice \u00eentreb\u0103ri sau propuneri pentru campania de modific\u0103ri ale legii!<\/p>\t\t\t\t\t\t<\/div>\n\t\t\t\t<\/div>\n\t\t\t\t\t<\/div>\n\t\t<\/div>\n\t\t\t\t<div class=\"elementor-column elementor-col-50 elementor-top-column elementor-element elementor-element-7dfbc5c\" data-id=\"7dfbc5c\" data-element_type=\"column\">\n\t\t\t<div class=\"elementor-widget-wrap elementor-element-populated\">\n\t\t\t\t\t\t\t\t<div class=\"elementor-element elementor-element-2119459 elementor-align-right elementor-mobile-align-center elementor-widget elementor-widget-button\" data-id=\"2119459\" data-element_type=\"widget\" data-widget_type=\"button.default\">\n\t\t\t\t<div class=\"elementor-widget-container\">\n\t\t\t\t\t<div class=\"elementor-button-wrapper\">\n\t\t\t<a href=\"#\" class=\"elementor-button-link elementor-button elementor-size-sm elementor-animation-grow\" role=\"button\">\n\t\t\t\t\t\t<span class=\"elementor-button-content-wrapper\">\n\t\t\t\t\t\t<span class=\"elementor-button-text\">Contact<\/span>\n\t\t<\/span>\n\t\t\t\t\t<\/a>\n\t\t<\/div>\n\t\t\t\t<\/div>\n\t\t\t\t<\/div>\n\t\t\t\t\t<\/div>\n\t\t<\/div>\n\t\t\t\t\t\t\t<\/div>\n\t\t<\/section>\n\t\t\t\t<section class=\"elementor-section elementor-top-section elementor-element elementor-element-5c56681 elementor-section-boxed elementor-section-height-default elementor-section-height-default\" data-id=\"5c56681\" data-element_type=\"section\">\n\t\t\t\t\t\t<div class=\"elementor-container elementor-column-gap-default\">\n\t\t\t\t\t<div class=\"elementor-column elementor-col-100 elementor-top-column elementor-element elementor-element-f5152b8\" data-id=\"f5152b8\" data-element_type=\"column\">\n\t\t\t<div class=\"elementor-widget-wrap elementor-element-populated\">\n\t\t\t\t\t\t\t\t<div class=\"elementor-element elementor-element-903e6b0 elementor-widget elementor-widget-text-editor\" data-id=\"903e6b0\" data-element_type=\"widget\" data-widget_type=\"text-editor.default\">\n\t\t\t\t<div class=\"elementor-widget-container\">\n\t\t\t\t\t\t\t<h5><b><br>Participatory governance through the involvement of civil society in nature conservation in Romania<\/b><\/h5>\n<p>A recent change in the protected area governance and management system, made by the government without consultation, initiated a centralization<br>process, reducing significantly opportunities for active involvement of various entities \/ civil society. One of the results of the Emergency Ordinance<br>75\/2018 was the cancelling of management contracts for delegated management of 530 protected areas. The NGO Coalition Natura 2000 and some<br>political parties had several initiative to reverse the changes in the legislation.<\/p>\n<p>This project will contribute to the reconfiguration of the protected area governance and management system through advocacy and watchdog<br>activities. The advocacy campaign will focus on 3 changes for the efficient and effective, participatory governance and management and will<br>contribute to improving understanding and public action of the civil society in this domain.<\/p>\n<p>Project beneficiaries: members of the Coalitia Natura 2000 network, other representatives of the civil society, institutional actors involved in designing<br>the governance model.<\/p>\n<p>The partnership with the Pro Democratia Association &#8211; Brasov Club will increase significantly the chances for successful campaigns and will allow<br>experience exchange between the two organizations. This joint experience will directly help increase the capacity of the Coalition. The project<br>supports the 20 NGOs of the network to improve their management capacity by providing tools for strategic planning, communication and<br>organizational management, thus improving civic intervention capacity on the long term.<\/p>\t\t\t\t\t\t<\/div>\n\t\t\t\t<\/div>\n\t\t\t\t\t<\/div>\n\t\t<\/div>\n\t\t\t\t\t\t\t<\/div>\n\t\t<\/section>\n\t\t\t\t\t\t<\/div>\n\t\t\t\t\t<\/div>\n\t\t","protected":false},"excerpt":{"rendered":"<p>Despre proiect \/ Project description English below \/\/ Sistemul de guvernanta si management al ariilor protejate din Romania a fost schimbat recent prin vointa unilaterala a autoritatii centrale de mediu intr-un sistem care tinde sa devina centralizat si care reduce semnificativ posibilitea de implicare a societatii civile. OUG 75\/2018 privind modificarea unor acte normative din[&hellip;]<\/p>\n","protected":false},"author":1,"featured_media":2485,"parent":0,"menu_order":0,"comment_status":"closed","ping_status":"closed","template":"page-templates\/pagebuilder.php","meta":{"footnotes":""},"class_list":["post-22","page","type-page","status-publish","has-post-thumbnail","hentry"],"_links":{"self":[{"href":"http:\/\/advocacy.natura2000.ro\/index.php\/wp-json\/wp\/v2\/pages\/22","targetHints":{"allow":["GET"]}}],"collection":[{"href":"http:\/\/advocacy.natura2000.ro\/index.php\/wp-json\/wp\/v2\/pages"}],"about":[{"href":"http:\/\/advocacy.natura2000.ro\/index.php\/wp-json\/wp\/v2\/types\/page"}],"author":[{"embeddable":true,"href":"http:\/\/advocacy.natura2000.ro\/index.php\/wp-json\/wp\/v2\/users\/1"}],"replies":[{"embeddable":true,"href":"http:\/\/advocacy.natura2000.ro\/index.php\/wp-json\/wp\/v2\/comments?post=22"}],"version-history":[{"count":10,"href":"http:\/\/advocacy.natura2000.ro\/index.php\/wp-json\/wp\/v2\/pages\/22\/revisions"}],"predecessor-version":[{"id":2586,"href":"http:\/\/advocacy.natura2000.ro\/index.php\/wp-json\/wp\/v2\/pages\/22\/revisions\/2586"}],"wp:featuredmedia":[{"embeddable":true,"href":"http:\/\/advocacy.natura2000.ro\/index.php\/wp-json\/wp\/v2\/media\/2485"}],"wp:attachment":[{"href":"http:\/\/advocacy.natura2000.ro\/index.php\/wp-json\/wp\/v2\/media?parent=22"}],"curies":[{"name":"wp","href":"https:\/\/api.w.org\/{rel}","templated":true}]}}